{"id":2876,"date":"2025-10-28T10:35:57","date_gmt":"2025-10-28T10:35:57","guid":{"rendered":"https:\/\/fondazioneviaroggia.it\/cookie-policy\/"},"modified":"2025-10-28T10:36:52","modified_gmt":"2025-10-28T10:36:52","slug":"cookie-policy","status":"publish","type":"page","link":"https:\/\/fondazioneviaroggia.it\/de\/cookie-policy\/","title":{"rendered":"Cookie policy"},"content":{"rendered":"\n<p>Diese Website erfasst durch die Verwendung von Internet-Kommunikationsprotokollen f\u00fcr und im Zuge ihres normalen Betriebs implizit bestimmte personenbezogene Daten der Benutzer, die auf die Website zugreifen, wie IP-Adressen, Dom\u00e4nennamen von Computern, von denen aus der Benutzer zugreift, MAC-Adressen, die von den Herstellern von Netzwerkkarten zugewiesen werden, Wireless usw.<\/p>\n\n\n\n<p>Diese Informationen werden nicht zur Identifizierung der Nutzer gesammelt, sondern k\u00f6nnen durch Verkn\u00fcpfung und Verarbeitung, einschlie\u00dflich des Abgleichs mit Daten Dritter, gesammelt werden; diese Daten werden verwendet, um statistische Informationen \u00fcber die Nutzung der Website und ihren Betrieb zu erhalten, sowie weitere Informationen im Falle der Feststellung der Haftung im Zusammenhang mit Computerverbrechen.<\/p>\n\n\n\n<p>Dar\u00fcber hinaus ist die Installation von Cookies vorgesehen, wie im folgenden Abschnitt beschrieben.<\/p>\n\n\n\n<p><strong>Was sind Cookies?<\/strong><\/p>\n\n\n\n<p>Cookies sind kleine Textstrings, die die vom Nutzer besuchten Websites auf seinem Endger\u00e4t installieren; diese Strings werden beim n\u00e4chsten Besuch des Nutzers an die Website zur\u00fcckgesendet, die sie installiert hat. Wenn der Nutzer beim Surfen auf der Website auch Cookies erh\u00e4lt, die von anderen Websites oder Webservern gesendet werden, spricht man von Drittanbieter-Cookies.<\/p>\n\n\n\n<p>Cookies werden zu verschiedenen Zwecken installiert, darunter die M\u00f6glichkeit der Computerauthentifizierung, die \u00dcberwachung von Browsersitzungen und die Sprachauswahl.<\/p>\n\n\n\n<p><strong>Erstanbieter- und Drittanbieter-Cookies<\/strong><\/p>\n\n\n\n<p>Cookies, die direkt vom Eigent\u00fcmer der Website installiert werden, werden als &#8222;Erstanbieter-Cookies&#8220; bezeichnet, w\u00e4hrend Cookies, die von einer anderen Website als derjenigen, auf der der Nutzer surft, installiert und erworben werden, als &#8222;Drittanbieter-Cookies&#8220; bezeichnet werden.<\/p>\n\n\n\n<p>Zu den Cookies von Drittanbietern geh\u00f6ren Social Buttons (oder Social Plug-ins), die es der Website erm\u00f6glichen, mit beliebten sozialen Medien wie Facebook, Instagram, LinkedIn, Twitter usw. zu interagieren, oder Google-Analytics-Cookies, die f\u00fcr die Implementierung von Youtube-Iframes usw. erforderlich sind. Was die Cookies von Drittanbietern betrifft, so ist der Drittanbieter, auf den sich das Cookie bezieht, daf\u00fcr verantwortlich, Informationen und Angaben zur Verwaltung der gesammelten Daten bereitzustellen.<\/p>\n\n\n\n<p><strong>Arten von Cookies<\/strong><\/p>\n\n\n\n<p><em><u>Technische Cookies<\/u><\/em><\/p>\n\n\n\n<p>Sie werden normalerweise direkt vom Betreiber der Website installiert und sind Cookies, die die Kommunikation zwischen der Website und dem Nutzer erm\u00f6glichen. Sie k\u00f6nnen auch als &#8222;Navigations-&#8220; oder &#8222;Sitzungs-Cookies&#8220; oder sogar als &#8222;essentielle Cookies&#8220; oder &#8222;notwendige Cookies&#8220; bezeichnet werden. Sie sollen die normale Navigation und Nutzung der Website gew\u00e4hrleisten <s>und <\/s>haben in der Regel eine Dauer, die der der Navigation auf der Website entspricht.<\/p>\n\n\n\n<p>Da diese Cookies f\u00fcr den Betrieb der Website notwendig sind, ist f\u00fcr ihre Installation auf dem Endger\u00e4t des Nutzers keine vorherige Zustimmung erforderlich.<\/p>\n\n\n\n<p>Andere Cookies als technische Cookies<\/p>\n\n\n\n<p>Zu dieser Kategorie geh\u00f6ren alle Arten von Cookies, die einen anderen Zweck haben als den, der unbedingt notwendig ist, um die Navigation auf der Seite zu gew\u00e4hrleisten.<\/p>\n\n\n\n<p>Die Installation dieser Art von Cookies ist zul\u00e4ssig, wenn der Nutzer seine ausdr\u00fcckliche Zustimmung erteilt hat, die auf einige der aufgef\u00fchrten Zwecke beschr\u00e4nkt sein kann.<\/p>\n\n\n\n<p>Eine ausf\u00fchrliche Beschreibung der Arten von nichttechnischen Cookies, die von der Website verwendet werden, und ihrer Funktionen finden Sie im Informationsbanner und\/oder auf der Seite zur \u00c4nderung der ausgedr\u00fcckten Pr\u00e4ferenzen.<\/p>\n\n\n\n<p><strong>Andere Tracking-Tools<\/strong><\/p>\n\n\n\n<p>Tracking-Tools sind Technologien, die es erm\u00f6glichen, die Nutzer zu verfolgen.<\/p>\n\n\n\n<p>Tracking-Tools (zu denen auch Cookies geh\u00f6ren) k\u00f6nnen unterschiedliche Zwecke verfolgen: Einige Tracking-Tools erm\u00f6glichen dem Nutzer lediglich die Nutzung des Dienstes, andere dienen der Verbesserung des Browsing-Erlebnisses und wieder andere haben eine Marketing- oder Remarketing-Funktion, indem sie die Konsumgewohnheiten des Nutzers analysieren, um personalisierte Werbung vorzuschlagen.<\/p>\n\n\n\n<p>Bei den Tracking-Tools kann es sich um in die Webseite eingebettete Skripte (die Pixel) handeln, die auf Ihrem Ger\u00e4t installiert werden und Informationen \u00fcber die Navigation des Nutzers sammeln, oder sie k\u00f6nnen die Form von Fingerabdr\u00fccken haben: Durch den Querverweis von Informationen \u00fcber die Navigation des Nutzers, seine Konfiguration und sein Ger\u00e4t erstellen sie ein einzigartiges und genau abgegrenztes Profil.<\/p>\n\n\n\n<p>Zu den wichtigsten Tracking-Tools geh\u00f6ren<\/p>\n\n\n\n<ul class=\"wp-block-list\">\n<li>Z\u00e4hlpixel sammeln Informationen \u00fcber Nutzeraktivit\u00e4ten, indem sie das Nutzerverhalten nach der Installation des Pixels \u00fcberwachen. Zu den bekanntesten geh\u00f6ren der Facebook-Pixel, das Insight Tag von LinkedIn, das Conversion Tracking von Twitter usw.<\/li>\n\n\n\n<li>Die Cookies selbst, auf die wir oben eingegangen sind und auf die wir Sie f\u00fcr eine ausf\u00fchrlichere Diskussion verweisen<\/li>\n<\/ul>\n\n\n\n<p>Mit Hilfe von Tracking-Tools k\u00f6nnen bestimmte Informationen gewonnen werden, darunter:<\/p>\n\n\n\n<ul class=\"wp-block-list\">\n<li>das Betriebssystem, den E-Mail-Client und den Browser, die der Nutzer verwendet<\/li>\n\n\n\n<li>das vom Nutzer verwendete Ger\u00e4t (mobil oder station\u00e4r)<\/li>\n\n\n\n<li>die IP-Adresse des Nutzers und den Standort der Adresse<\/li>\n\n\n\n<li>Informationen \u00fcber die Bildschirmaufl\u00f6sung des Benutzers<\/li>\n\n\n\n<li>Datum und Uhrzeit des Zugriffs auf die E-Mail oder die Website<\/li>\n\n\n\n<li>die w\u00e4hrend der Sitzung durchgef\u00fchrten Aktivit\u00e4ten usw.<\/li>\n<\/ul>\n\n\n\n<p>Unsere Website verwendet keine anderen Tracking-Tools als Cookies.<\/p>\n\n\n\n<p><strong>Das Banner beim ersten Zugriff<\/strong><\/p>\n\n\n\n<p>Im Falle der Verwendung von anderen als technischen Cookies oder anderen Tracking-Tools ist nach den geltenden gesetzlichen Bestimmungen und Leitlinien beim ersten Zugriff des Nutzers auf die Website ein Banner (sog. Kurzinformation) bereitzustellen, das im Wesentlichen auf die Verwaltung dieser Cookies hinweist, auf die erweiterte Datenschutz- und Cookie-Politik verweist und die M\u00f6glichkeit vorsieht, die Zustimmung zu ihrer Installation auch durch eine granulare Auswahl der Cookies zu erkl\u00e4ren.<\/p>\n\n\n\n<p>Die A.P.S.P. Fondazione Via Roggia \/ \u00d6.B.P.B. Rauschertor-Stiftung verwendet nur technische und anonymisierte Analyse-Cookies und setzt keine anderen Tracking-Tools ein; au\u00dferdem werden keine Daten in Nicht-EU-L\u00e4nder \u00fcbertragen. Daher f\u00e4llt sie nicht unter die Bannerpflicht.<\/p>\n","protected":false},"excerpt":{"rendered":"<p>Diese Website erfasst durch die Verwendung von Internet-Kommunikationsprotokollen f\u00fcr und im Zuge ihres normalen Betriebs implizit bestimmte personenbezogene Daten der Benutzer, die auf die Website zugreifen, wie IP-Adressen, Dom\u00e4nennamen von&#8230;<\/p>\n","protected":false},"author":1,"featured_media":0,"parent":0,"menu_order":19,"comment_status":"closed","ping_status":"closed","template":"","meta":{"footnotes":""},"class_list":["post-2876","page","type-page","status-publish"],"_links":{"self":[{"href":"https:\/\/fondazioneviaroggia.it\/de\/wp-json\/wp\/v2\/pages\/2876","targetHints":{"allow":["GET"]}}],"collection":[{"href":"https:\/\/fondazioneviaroggia.it\/de\/wp-json\/wp\/v2\/pages"}],"about":[{"href":"https:\/\/fondazioneviaroggia.it\/de\/wp-json\/wp\/v2\/types\/page"}],"author":[{"embeddable":true,"href":"https:\/\/fondazioneviaroggia.it\/de\/wp-json\/wp\/v2\/users\/1"}],"replies":[{"embeddable":true,"href":"https:\/\/fondazioneviaroggia.it\/de\/wp-json\/wp\/v2\/comments?post=2876"}],"version-history":[{"count":1,"href":"https:\/\/fondazioneviaroggia.it\/de\/wp-json\/wp\/v2\/pages\/2876\/revisions"}],"predecessor-version":[{"id":2877,"href":"https:\/\/fondazioneviaroggia.it\/de\/wp-json\/wp\/v2\/pages\/2876\/revisions\/2877"}],"wp:attachment":[{"href":"https:\/\/fondazioneviaroggia.it\/de\/wp-json\/wp\/v2\/media?parent=2876"}],"curies":[{"name":"wp","href":"https:\/\/api.w.org\/{rel}","templated":true}]}}