{"id":2229,"date":"2024-07-01T13:25:55","date_gmt":"2024-07-01T13:25:55","guid":{"rendered":"https:\/\/fondazioneviaroggia.it\/criteri-graduatoria-fondazione\/"},"modified":"2024-07-04T14:32:57","modified_gmt":"2024-07-04T14:32:57","slug":"kriterien-fuer-die-rangliste","status":"publish","type":"page","link":"https:\/\/fondazioneviaroggia.it\/de\/kriterien-fuer-die-rangliste\/","title":{"rendered":"Kriterien f\u00fcr die Rangliste"},"content":{"rendered":"[vc_row type=&#8220;in_container&#8220; full_screen_row_position=&#8220;middle&#8220; column_margin=&#8220;none&#8220; equal_height=&#8220;yes&#8220; column_direction=&#8220;default&#8220; column_direction_tablet=&#8220;default&#8220; column_direction_phone=&#8220;default&#8220; bg_image=&#8220;1291&#8243; bg_position=&#8220;center center&#8220; background_image_loading=&#8220;skip-lazy-load&#8220; bg_repeat=&#8220;no-repeat&#8220; scene_position=&#8220;center&#8220; top_padding=&#8220;0&#8243; bottom_padding=&#8220;0&#8243; constrain_group_3=&#8220;yes&#8220; constrain_group_5=&#8220;yes&#8220; text_color=&#8220;custom&#8220; text_align=&#8220;left&#8220; row_border_radius=&#8220;none&#8220; row_border_radius_applies=&#8220;bg&#8220; overflow=&#8220;visible&#8220; enable_gradient=&#8220;true&#8220; overlay_strength=&#8220;0.3&#8243; gradient_direction=&#8220;radial&#8220; shape_divider_color=&#8220;#ffffff&#8220; shape_divider_position=&#8220;bottom&#8220; shape_divider_height=&#8220;45%&#8220; bg_image_animation=&#8220;zoom-out&#8220; parallax_bg=&#8220;true&#8220; parallax_bg_speed=&#8220;fast&#8220; shape_type=&#8220;straight_section&#8220; gradient_type=&#8220;default&#8220;][vc_column column_padding=&#8220;no-extra-padding&#8220; column_padding_tablet=&#8220;inherit&#8220; column_padding_phone=&#8220;inherit&#8220; column_padding_position=&#8220;all&#8220; column_element_direction_desktop=&#8220;default&#8220; column_element_spacing=&#8220;0px&#8220; desktop_text_alignment=&#8220;default&#8220; tablet_text_alignment=&#8220;default&#8220; phone_text_alignment=&#8220;center&#8220; background_color_opacity=&#8220;1&#8243; background_hover_color_opacity=&#8220;1&#8243; column_backdrop_filter=&#8220;none&#8220; column_shadow=&#8220;none&#8220; column_border_radius=&#8220;none&#8220; column_link_target=&#8220;_self&#8220; column_position=&#8220;default&#8220; gradient_direction=&#8220;radial&#8220; overlay_strength=&#8220;0.3&#8243; width=&#8220;1\/1&#8243; tablet_width_inherit=&#8220;default&#8220; animation_type=&#8220;default&#8220; bg_image_animation=&#8220;zoom-out-reveal&#8220; parallax_bg=&#8220;true&#8220; parallax_bg_speed=&#8220;fast&#8220; border_type=&#8220;simple&#8220; column_border_width=&#8220;none&#8220; column_border_style=&#8220;solid&#8220;][vc_gallery css=&#8220;&#8220; type=&#8220;flickity_static_height_style&#8220; images=&#8220;2018,2020,2022,2024,2026,2028&#8243; flickity_spacing=&#8220;default&#8220; flickity_controls=&#8220;material_pagination&#8220; flickity_overflow=&#8220;hidden&#8220; flickity_wrap_around=&#8220;wrap&#8220; flickity_image_parallax=&#8220;true&#8220; flickity_autoplay=&#8220;true&#8220; flickity_box_shadow=&#8220;none&#8220; image_loading=&#8220;default&#8220; onclick=&#8220;link_no&#8220; img_size=&#8220;full&#8220; flickity_img_height=&#8220;550&#8243;][\/vc_column][\/vc_row][vc_row type=&#8220;full_width_background&#8220; full_screen_row_position=&#8220;middle&#8220; column_margin=&#8220;default&#8220; equal_height=&#8220;yes&#8220; column_direction=&#8220;default&#8220; column_direction_tablet=&#8220;default&#8220; column_direction_phone=&#8220;default&#8220; bg_color=&#8220;#ffffff&#8220; scene_position=&#8220;center&#8220; top_padding=&#8220;10%&#8220; constrain_group_1=&#8220;yes&#8220; bottom_padding=&#8220;10%&#8220; top_padding_phone=&#8220;15%&#8220; text_color=&#8220;dark&#8220; text_align=&#8220;left&#8220; row_border_radius=&#8220;none&#8220; row_border_radius_applies=&#8220;bg&#8220; overflow=&#8220;visible&#8220; overlay_strength=&#8220;0.3&#8243; gradient_direction=&#8220;left_to_right&#8220; shape_divider_position=&#8220;bottom&#8220; bg_image_animation=&#8220;none&#8220; shape_type=&#8220;&#8220; gradient_type=&#8220;default&#8220;][vc_column column_padding=&#8220;no-extra-padding&#8220; column_padding_tablet=&#8220;inherit&#8220; column_padding_phone=&#8220;inherit&#8220; column_padding_position=&#8220;all&#8220; column_element_direction_desktop=&#8220;default&#8220; column_element_spacing=&#8220;default&#8220; desktop_text_alignment=&#8220;right&#8220; tablet_text_alignment=&#8220;default&#8220; phone_text_alignment=&#8220;left&#8220; background_color_opacity=&#8220;1&#8243; background_hover_color_opacity=&#8220;1&#8243; column_backdrop_filter=&#8220;none&#8220; column_shadow=&#8220;none&#8220; column_border_radius=&#8220;none&#8220; column_link_target=&#8220;_self&#8220; column_position=&#8220;default&#8220; gradient_direction=&#8220;left_to_right&#8220; overlay_strength=&#8220;0.3&#8243; width=&#8220;1\/3&#8243; tablet_width_inherit=&#8220;default&#8220; animation_type=&#8220;default&#8220; enable_animation=&#8220;true&#8220; animation=&#8220;fade-in-from-bottom&#8220; animation_easing=&#8220;default&#8220; bg_image_animation=&#8220;none&#8220; border_type=&#8220;simple&#8220; column_border_width=&#8220;none&#8220; column_border_style=&#8220;solid&#8220; column_padding_type=&#8220;default&#8220; gradient_type=&#8220;default&#8220;][vc_column_text css=&#8220;&#8220; text_direction=&#8220;default&#8220;]\n<h2>Kriterien f\u00fcr die Rangliste<\/h2>\n[\/vc_column_text][\/vc_column][vc_column column_padding=&#8220;no-extra-padding&#8220; column_padding_tablet=&#8220;inherit&#8220; column_padding_phone=&#8220;inherit&#8220; column_padding_position=&#8220;all&#8220; column_element_direction_desktop=&#8220;default&#8220; column_element_spacing=&#8220;default&#8220; desktop_text_alignment=&#8220;default&#8220; tablet_text_alignment=&#8220;default&#8220; phone_text_alignment=&#8220;default&#8220; background_color_opacity=&#8220;1&#8243; background_hover_color_opacity=&#8220;1&#8243; column_backdrop_filter=&#8220;none&#8220; column_shadow=&#8220;none&#8220; column_border_radius=&#8220;none&#8220; column_link_target=&#8220;_self&#8220; column_position=&#8220;default&#8220; gradient_direction=&#8220;left_to_right&#8220; overlay_strength=&#8220;0.3&#8243; width=&#8220;2\/3&#8243; tablet_width_inherit=&#8220;default&#8220; animation_type=&#8220;default&#8220; bg_image_animation=&#8220;none&#8220; border_type=&#8220;simple&#8220; column_border_width=&#8220;none&#8220; column_border_style=&#8220;solid&#8220;][vc_column_text css=&#8220;&#8220; text_direction=&#8220;default&#8220;]\n<h3 class=\"p1\">Harmonisierung der Aufnahmekriterien<\/h3>\n<p class=\"p1\">Gem\u00e4\u00df dem Provinzgesetz Nr. 9 vom 12. Oktober 2007 m\u00fcssen ab dem 1. M\u00e4rz 2014 zur Bildung der Ranglisten f\u00fcr unbefristete Aufnahmen zwingend die folgenden Kriterien angewendet werden:<\/p>\n<p class=\"p1\">Die Ranglisten m\u00fcssen mindestens alle zwei Monate aktualisiert werden.<\/p>\n<p class=\"p1\">Die Antragsteller haben das Recht, \u00fcber die Kriterien f\u00fcr die Ranglistenbildung und ihre Position in der Rangliste informiert zu werden.<\/p>\n<h3 class=\"p1\">Kriterien f\u00fcr die Festlegung der Rangliste:<\/h3>\n<p class=\"p3\"><span class=\"s1\"> 1. <\/span><b>Bewertung des Pflegebedarfs der Bewohner<\/b> (maximal 50 Punkte von 100):<\/p>\n<p class=\"p4\">\u2022Stufe 0 = 10 Punkte<\/p>\n<p class=\"p4\">\u2022Stufe 1 = 20 Punkte<\/p>\n<p class=\"p4\">\u2022Stufe 2 = 30 Punkte<\/p>\n<p class=\"p4\">\u2022Stufe 3 = 40 Punkte<\/p>\n<p class=\"p4\">\u2022Stufe 4 = 50 Punkte<\/p>\n<p class=\"p1\">Falls keine Bewertung des Pflegebedarfs vorliegt, bewertet die Stiftung den voraussichtlichen Pflegebedarf des Antragstellers auf der Grundlage verf\u00fcgbarer Informationen und Dokumente und vergibt eine Bewertung zwischen 0 und 30 Punkten.<\/p>\n<p class=\"p3\"><span class=\"s1\"> 2. <\/span><b>Bewertung der famili\u00e4ren und sozialen Situation des Antragstellers<\/b> (maximal 40 Punkte von 100):<\/p>\n<p class=\"p4\">\u2022Bis zu 10 Punkte: M\u00f6glichkeit und Durchf\u00fchrbarkeit der Pflege zu Hause durch das Familien- oder andere ambulante, teilstation\u00e4re und station\u00e4re Dienste.<\/p>\n<p class=\"p4\">\u2022Bis zu 10 Punkte: Vorhandensein von Schwierigkeiten in der aktuellen Wohnsituation, die einen Eintritt in die Einrichtung erforderlich machen.<\/p>\n<p class=\"p4\">\u2022Bis zu 10 Punkte: Vorhandensein spezifischer pers\u00f6nlicher Schwierigkeiten des Antragstellers, die einen Eintritt in die Einrichtung erforderlich machen.<\/p>\n<p class=\"p4\">\u2022Bis zu 10 Punkte: Qualit\u00e4t der famili\u00e4ren und sozialen Beziehungen.<\/p>\n<p class=\"p3\"><span class=\"s1\"> 3. <\/span><b>Punkte basierend auf dem Datum der Einreichung des aktuellen g\u00fcltigen Antrags:<\/b><\/p>\n<p class=\"p4\">\u20220 Punkte bei weniger als drei Monaten;<\/p>\n<p class=\"p4\">\u20225 Punkte zwischen drei und sechs Monaten;<\/p>\n<p class=\"p4\">\u202210 Punkte bei mehr als sechs Monaten.<\/p>\n[\/vc_column_text][\/vc_column][\/vc_row]\n","protected":false},"excerpt":{"rendered":"<p>[vc_row type=&#8220;in_container&#8220; full_screen_row_position=&#8220;middle&#8220; column_margin=&#8220;none&#8220; equal_height=&#8220;yes&#8220; column_direction=&#8220;default&#8220; column_direction_tablet=&#8220;default&#8220; column_direction_phone=&#8220;default&#8220; bg_image=&#8220;1291&#8243; bg_position=&#8220;center center&#8220; background_image_loading=&#8220;skip-lazy-load&#8220; bg_repeat=&#8220;no-repeat&#8220; scene_position=&#8220;center&#8220; top_padding=&#8220;0&#8243; bottom_padding=&#8220;0&#8243; constrain_group_3=&#8220;yes&#8220; constrain_group_5=&#8220;yes&#8220; text_color=&#8220;custom&#8220; text_align=&#8220;left&#8220; row_border_radius=&#8220;none&#8220; row_border_radius_applies=&#8220;bg&#8220; overflow=&#8220;visible&#8220; enable_gradient=&#8220;true&#8220; overlay_strength=&#8220;0.3&#8243; gradient_direction=&#8220;radial&#8220; shape_divider_color=&#8220;#ffffff&#8220; shape_divider_position=&#8220;bottom&#8220; shape_divider_height=&#8220;45%&#8220; bg_image_animation=&#8220;zoom-out&#8220;&#8230;<\/p>\n","protected":false},"author":1,"featured_media":0,"parent":0,"menu_order":7,"comment_status":"closed","ping_status":"closed","template":"","meta":{"footnotes":""},"class_list":["post-2229","page","type-page","status-publish"],"_links":{"self":[{"href":"https:\/\/fondazioneviaroggia.it\/de\/wp-json\/wp\/v2\/pages\/2229","targetHints":{"allow":["GET"]}}],"collection":[{"href":"https:\/\/fondazioneviaroggia.it\/de\/wp-json\/wp\/v2\/pages"}],"about":[{"href":"https:\/\/fondazioneviaroggia.it\/de\/wp-json\/wp\/v2\/types\/page"}],"author":[{"embeddable":true,"href":"https:\/\/fondazioneviaroggia.it\/de\/wp-json\/wp\/v2\/users\/1"}],"replies":[{"embeddable":true,"href":"https:\/\/fondazioneviaroggia.it\/de\/wp-json\/wp\/v2\/comments?post=2229"}],"version-history":[{"count":3,"href":"https:\/\/fondazioneviaroggia.it\/de\/wp-json\/wp\/v2\/pages\/2229\/revisions"}],"predecessor-version":[{"id":2232,"href":"https:\/\/fondazioneviaroggia.it\/de\/wp-json\/wp\/v2\/pages\/2229\/revisions\/2232"}],"wp:attachment":[{"href":"https:\/\/fondazioneviaroggia.it\/de\/wp-json\/wp\/v2\/media?parent=2229"}],"curies":[{"name":"wp","href":"https:\/\/api.w.org\/{rel}","templated":true}]}}